{"id":44,"date":"2017-02-18T17:33:47","date_gmt":"2017-02-18T16:33:47","guid":{"rendered":"http:\/\/aj-courtage.com\/?page_id=44"},"modified":"2022-06-24T14:30:29","modified_gmt":"2022-06-24T12:30:29","slug":"mentions-legales","status":"publish","type":"page","link":"http:\/\/aj-courtage.com\/index.php\/mentions-legales\/","title":{"rendered":"Mentions L\u00e9gales"},"content":{"rendered":"<p><strong><span style=\"color: #000080;\">Editeur du Site Internet www.aj-courtage.com<\/span><\/strong><br \/>\n<span style=\"color: #333399;\">Le pr\u00e9sent site internet www.aj-courtage.com est \u00e9dit\u00e9 par la soci\u00e9t\u00e9 AJ Courtage, sigle commercial AJ Solutions &amp; Courtage, soci\u00e9t\u00e9 par actions simplifi\u00e9e unipersonnelle \u00e0 capital variable de 3000\u20ac, immatricul\u00e9e au registre du commerce et des soci\u00e9t\u00e9s de\u00a0Metz sous le num\u00e9ro 818 723 942.<\/span><\/p>\n<p><strong><span style=\"color: #333399;\">Si\u00e8ge Social d&rsquo;AJ Courtage:<\/span><\/strong><\/p>\n<p><span style=\"color: #333399;\">23 Rue des Loges,<\/span><\/p>\n<p><span style=\"color: #333399;\"> 57 950 Montigny les Metz.<\/span><\/p>\n<p><span style=\"color: #333399;\">T\u00e9l\u00e9phone : 03 72 13 50 25<\/span><\/p>\n<p><span style=\"color: #333399;\">Adresse de contact : aj-courtage@aj-courtage.com<\/span><b><\/b><i><\/i><u><\/u><\/p>\n<p><span style=\"color: #333399;\">Num\u00e9ro de TVA Intracommunautaire\u00a0: FR 15818723942<\/span><\/p>\n<p><strong><span style=\"color: #333399;\">Interlocuteur\u00a0Internet:<\/span><\/strong><\/p>\n<p><span style=\"color: #333399;\">Directeur de publication : JORIS Arnaud,\u00a0Pr\u00e9sident d&rsquo;AJ Courtage<\/span><br \/>\n<span style=\"color: #333399;\">Responsable de publication : JORIS Arnaud, Pr\u00e9sident d&rsquo;AJ Courtage<\/span><b><\/b><i><\/i><u><\/u><\/p>\n<p><span style=\"color: #000080;\"><strong>Informations Compl\u00e9mentaires sur AJ Courtage :<\/strong><\/span><\/p>\n<p><span style=\"color: #333399;\">AJ Courtage\u00a0est, en sa qualit\u00e9 d\u2019interm\u00e9diaire en assurances, immatricul\u00e9e sous le n\u00b0\u00a01600 1848\u00a0\u00e0 l\u2019ORIAS &#8211; 1, rue Jules Lefebvre 75331 Paris Cedex 09 &#8211; www.orias.fr<\/span><br \/>\n<span style=\"color: #333399;\">AJ Courtage est \u00e9galement soumise, dans le cadre de son activit\u00e9, au contr\u00f4le de l&rsquo;ACPR (Autorit\u00e9 de Contr\u00f4le Prudentiel et de R\u00e9solution) dont le si\u00e8ge est situ\u00e9 4, Place de Budapest \u2013 CS 92459 &#8211; 75436 PARIS Cedex 09<\/span><span style=\"color: #333399;\">.<\/span><\/p>\n<p><b><span style=\"color: #000080;\">CGU (Conditions G\u00e9n\u00e9rales d&rsquo;utilisation) du Site <span style=\"color: #333399;\">www.aj-courtage.com:<\/span><\/span><\/b><br \/>\n<span style=\"color: #333399;\">En utilisant le site internet AJ Courtage, accessible \u00e0 l&rsquo;adresse www.aj-courtage.com, vous acceptez d&rsquo;\u00eatre soumis aux pr\u00e9sentes conditions g\u00e9n\u00e9rales d&rsquo;utilisation.<\/span><br \/>\n<span style=\"color: #333399;\"> AJ Courtage se r\u00e9serve le droit de modifier ou remplacer certaines dispositions des pr\u00e9sentes conditions g\u00e9n\u00e9rales d&rsquo;utilisation. Ces changements seront toutefois clairement annonc\u00e9s en ligne avant leur application effective.<\/span><\/p>\n<p><span style=\"color: #000080;\"><strong>Responsabilit\u00e9 d&rsquo;AJ Courtage li\u00e9e \u00e0 l&rsquo;exploitation du site Internet www.aj-courtage.com<\/strong><\/span><br \/>\n<span style=\"color: #333399;\">AJ Courtage\u00a0s&rsquo;efforce d&rsquo;assurer au mieux de ses possibilit\u00e9s l&rsquo;exactitude et la mise \u00e0 jour des informations diffus\u00e9es sur le site, ainsi que l&rsquo;acc\u00e8s \u00e0 ces informations.<\/span><br \/>\n<span style=\"color: #333399;\">Toutefois,\u00a0AJ Courtage\u00a0d\u00e9cline toute responsabilit\u00e9 :<\/span><br \/>\n<span style=\"color: #333399;\">\u2022 pour toute interruption du site ; <\/span><br \/>\n<span style=\"color: #333399;\">\u2022 pour la survenance de bogues ; <\/span><br \/>\n<span style=\"color: #333399;\">\u2022 pour toute inexactitude ou omission portant sur des informations disponibles sur le site ; <\/span><br \/>\n<span style=\"color: #333399;\">\u2022 pour tout dommage r\u00e9sultant d&rsquo;une intrusion frauduleuse d&rsquo;un tiers ayant entra\u00een\u00e9 une modification des informations diffus\u00e9es sur ce site ; <\/span><br \/>\n<span style=\"color: #333399;\">\u2022 et plus g\u00e9n\u00e9ralement, pour tout dommage direct et indirect, quelles qu&rsquo;en soient les causes, origines, natures ou cons\u00e9quences. <\/span><\/p>\n<p><b><\/b><i><\/i><u><\/u><br \/>\n<span style=\"color: #000080;\"><strong><span style=\"color: #333399;\">Propri\u00e9t\u00e9 Intellectuelle :<\/span><\/strong><\/span><br \/>\n<span style=\"color: #333399;\">AJ\u00a0Courtage\u00a0est titulaire de tous les droits de propri\u00e9t\u00e9 intellectuelle relatifs au site ou d\u00e9tient les droits d&rsquo;usage y aff\u00e9rents.<\/span><br \/>\n<span style=\"color: #333399;\">Les \u00e9l\u00e9ments accessibles sur le site, notamment les photographies, textes, images, ic\u00f4nes et logos sont \u00e9galement prot\u00e9g\u00e9s par des droits de propri\u00e9t\u00e9 intellectuelle dont\u00a0AJ Courtage\u00a0est titulaire ou sur lesquels elle d\u00e9tient les droits d&rsquo;usage.<\/span><br \/>\n<span style=\"color: #333399;\">Vous ne pouvez en aucun cas reproduire, copier, modifier, utiliser sur quelque support que ce soit, par quelque moyen que ce soit, ou exploiter de quelque mani\u00e8re que ce soit tout ou partie du site sans l&rsquo;autorisation \u00e9crite au pr\u00e9alable de AJ Courtage.<\/span><br \/>\n<span style=\"color: #333399;\">L&rsquo;exploitation non pr\u00e9alablement autoris\u00e9e par AJ Courtage, \u00e0 quelque titre que ce soit, de tout ou partie du site pourra faire l&rsquo;objet de toute action appropri\u00e9e, notamment d&rsquo;une action en contrefa\u00e7on.<\/span><\/p>\n<p><strong><span style=\"color: #000080;\">Collecte et Traitement des Donn\u00e9es\u00a0:<\/span><\/strong><br \/>\n<span style=\"color: #333399;\">Les informations personnelles qui\u00a0peuvent vous \u00eatre demand\u00e9es sur le site sont destin\u00e9es exclusivement \u00e0\u00a0AJ Courtage\u00a0et \u00e0 ses partenaires, \u00e0 des fins de gestion administrative et commerciale, et notamment lorsque que vous nous contactez pour une candidature ou une demande d&rsquo;information. Ces donn\u00e9es ne seront utilis\u00e9es \u00e0 des fins de prospection directe qu&rsquo;en cas de consentement pr\u00e9alable expr\u00e8s de votre part (Loi pour la confiance de l&rsquo;\u00e9conomie num\u00e9rique n\u00b02004-575 du 21 juin 2004).<\/span><br \/>\n<span style=\"color: #333399;\">Conform\u00e9ment \u00e0 la loi Informatiques et Libert\u00e9s n\u00b078-17 du 6 janvier 1978, nous ne conservons ces donn\u00e9es que pour une dur\u00e9e limit\u00e9e, en fonction de la finalit\u00e9 pour laquelle vous nous les avez communiqu\u00e9es. Vous disposez d&rsquo;un droit d&rsquo;acc\u00e8s et de rectification des donn\u00e9es vous concernant en \u00e9crivant \u00e0 : aj-courtage@aj-courtage.com<\/span><\/p>\n<p><strong><span style=\"color: #000080;\">Lien Hypertexte :<\/span><\/strong><\/p>\n<p><span style=\"color: #333399;\">L&rsquo;insertion d&rsquo;un lien hypertexte vers tout ou partie du site est autoris\u00e9e, \u00e0 titre non exclusif et r\u00e9vocable \u00e0 tout moment sans que\u00a0AJ Courtage\u00a0ait \u00e0 fournir une quelconque justification, et \u00e0 condition que ce lien ne puisse cr\u00e9er \u00e0 l&rsquo;encontre d&rsquo;AJ Courtage\u00a0un caract\u00e8re mensonger, faux, p\u00e9joratif ou pouvant lui porter pr\u00e9judice.<\/span><br \/>\n<span style=\"color: #333399;\">Ce lien hypertexte ne pourra engager la responsabilit\u00e9 de AJ Courtage\u00a0\u00e0 quelque titre que ce soit, sur le contenu du site sur lequel figure le lien.<\/span><br \/>\n<span style=\"color: #333399;\">Toute utilisation dans le lien du logo, de la marque ou des graphismes de\u00a0AJ Courtage\u00a0n\u00e9cessite l&rsquo;autorisation pr\u00e9alable, expresse et \u00e9crite d&rsquo;AJ Courtage.<\/span><b><\/b><i><\/i><u><\/u><\/p>\n<p><strong><span style=\"color: #000080;\">H\u00e9bergement :<\/span><\/strong><\/p>\n<p><span style=\"color: #333399;\">OVH<\/span><\/p>\n<p><span style=\"color: #333399;\">SAS au capital de 10\u00a0069\u00a0020\u00a0\u20ac <\/span><br \/>\n<span style=\"color: #333399;\"> RCS Lille M\u00e9tropole 424 761 419 00045<\/span><br \/>\n<span style=\"color: #333399;\"> Si\u00e8ge social : 2 rue Kellermann &#8211; 59100 Roubaix &#8211; France.<\/span><\/p>\n","protected":false},"excerpt":{"rendered":"<p>Editeur du Site Internet www.aj-courtage.com Le pr\u00e9sent site internet www.aj-courtage.com est \u00e9dit\u00e9 par la soci\u00e9t\u00e9 AJ Courtage, sigle commercial AJ Solutions &amp; [&hellip;]<\/p>\n","protected":false},"author":1,"featured_media":0,"parent":0,"menu_order":0,"comment_status":"closed","ping_status":"closed","template":"","meta":[],"_links":{"self":[{"href":"http:\/\/aj-courtage.com\/index.php\/wp-json\/wp\/v2\/pages\/44"}],"collection":[{"href":"http:\/\/aj-courtage.com\/index.php\/wp-json\/wp\/v2\/pages"}],"about":[{"href":"http:\/\/aj-courtage.com\/index.php\/wp-json\/wp\/v2\/types\/page"}],"author":[{"embeddable":true,"href":"http:\/\/aj-courtage.com\/index.php\/wp-json\/wp\/v2\/users\/1"}],"replies":[{"embeddable":true,"href":"http:\/\/aj-courtage.com\/index.php\/wp-json\/wp\/v2\/comments?post=44"}],"version-history":[{"count":10,"href":"http:\/\/aj-courtage.com\/index.php\/wp-json\/wp\/v2\/pages\/44\/revisions"}],"predecessor-version":[{"id":481,"href":"http:\/\/aj-courtage.com\/index.php\/wp-json\/wp\/v2\/pages\/44\/revisions\/481"}],"wp:attachment":[{"href":"http:\/\/aj-courtage.com\/index.php\/wp-json\/wp\/v2\/media?parent=44"}],"curies":[{"name":"wp","href":"https:\/\/api.w.org\/{rel}","templated":true}]}}