{"id":246,"date":"2017-02-27T16:54:01","date_gmt":"2017-02-27T15:54:01","guid":{"rendered":"http:\/\/aj-courtage.com\/?page_id=246"},"modified":"2017-03-06T12:02:32","modified_gmt":"2017-03-06T11:02:32","slug":"assurances-privees","status":"publish","type":"page","link":"http:\/\/aj-courtage.com\/index.php\/assurances-privees\/","title":{"rendered":"Assurances Priv\u00e9es"},"content":{"rendered":"<p><span style=\"color: #333399;\">AJ Courtage vous permet de trouver des solutions personnalis\u00e9es \u00e0 l\u2019ensemble de vos besoins quotidiens en Assurances\u00a0:<\/span><\/p>\n<p>&nbsp;<\/p>\n<table style=\"height: 18px;\" width=\"1052\">\n<tbody>\n<tr>\n<td width=\"623\">\n<h4><span style=\"color: #000080;\"><em><strong>NOUVEAUTES<\/strong><\/em><\/span><\/h4>\n<\/td>\n<\/tr>\n<\/tbody>\n<\/table>\n<p><span style=\"color: #000080;\"><strong><em>Cyber protection\u00a0:<\/em><\/strong><\/span><\/p>\n<p style=\"padding-left: 30px;\"><span style=\"color: #333399;\">o\u00a0<\/span>\u00a0\u00a0<span style=\"color: #333399;\"> Ce contrat, en cas de cyber attaque, couvre\u00a0:<\/span><\/p>\n<p style=\"padding-left: 60px;\"><span style=\"color: #333399;\">-L\u2019atteinte aux donn\u00e9es,<\/span><\/p>\n<p style=\"padding-left: 60px;\"><span style=\"color: #333399;\">-Les Pertes d\u2019exploitation,<\/span><\/p>\n<p style=\"padding-left: 60px;\"><span style=\"color: #333399;\">-Le vol de donn\u00e9es personnelles,<\/span><\/p>\n<p style=\"padding-left: 60px;\"><span style=\"color: #333399;\">-La e-r\u00e9putation, \u2026<\/span><\/p>\n<p><span style=\"color: #000080;\"><strong><em>Dommage Ouvrage (DO) dans le cadre de vos op\u00e9rations de construction :<\/em><\/strong><\/span><\/p>\n<p style=\"padding-left: 60px;\"><span style=\"color: #333399;\">\u00a0Garantie d\u00e9cennale obligatoire de l\u2019ouvrage apr\u00e8s r\u00e9ception,<\/span><\/p>\n<p style=\"padding-left: 30px;\"><em><span style=\"color: #333399;\">o Tous Risques Chantiers\u00a0<\/span><\/em><\/p>\n<p style=\"padding-left: 60px;\"><span style=\"color: #333399;\">\u00a0Garantie des Chantiers en cours de travaux,<\/span><\/p>\n<p style=\"padding-left: 30px;\"><em><span style=\"color: #333399;\">o Responsabilit\u00e9 Civile du Ma\u00eetre d\u2019Ouvrage\u00a0<\/span><\/em><\/p>\n<p style=\"padding-left: 60px;\"><span style=\"color: #333399;\">Garantie des dommages caus\u00e9s aux tiers par la construction,<\/span><\/p>\n<p style=\"padding-left: 30px;\"><em><span style=\"color: #333399;\">o Responsabilit\u00e9 Civile du Constructeur Non R\u00e9alisateur<\/span><\/em><\/p>\n<p style=\"padding-left: 60px;\"><span style=\"color: #333399;\">\u00a0Garantie li\u00e9e \u00e0 la revente de l\u2019ouvrage pendant la garantie d\u00e9cennale<\/span><\/p>\n<table style=\"height: 47px;\" width=\"1052\">\n<tbody>\n<tr>\n<td width=\"623\">\n<h4><span style=\"color: #000080;\"><em><strong>ASSURANCES DOMMAGES<\/strong><\/em><\/span><\/h4>\n<\/td>\n<\/tr>\n<\/tbody>\n<\/table>\n<h4><span style=\"color: #000080;\"><strong><em>V\u00e9hicules 4 Roues\u00a0:<\/em><\/strong><\/span><\/h4>\n<p><span style=\"color: #000080;\"><em><strong>Type de v\u00e9hicule\u00a0:<\/strong><\/em><\/span><\/p>\n<p style=\"padding-left: 30px;\">o\u00a0\u00a0\u00a0 <span style=\"color: #333399;\">Automobile classique,<\/span><\/p>\n<p style=\"padding-left: 30px;\"><span style=\"color: #333399;\">o\u00a0\u00a0\u00a0 Automobile de Prestige &#8211; Pr\u00e9mium,<\/span><\/p>\n<p style=\"padding-left: 30px;\"><span style=\"color: #333399;\">o\u00a0\u00a0\u00a0 V\u00e9hicule de collection,<\/span><\/p>\n<p style=\"padding-left: 30px;\"><span style=\"color: #333399;\">o\u00a0\u00a0\u00a0 Camping-Car,<\/span><\/p>\n<p style=\"padding-left: 30px;\"><span style=\"color: #333399;\">o\u00a0\u00a0\u00a0 Voiture Sans Permis.<\/span><\/p>\n<p><em><span style=\"color: #000080;\"><strong>Type de conducteur\u00a0:<\/strong><\/span><\/em><\/p>\n<p style=\"padding-left: 30px;\">o\u00a0\u00a0\u00a0 <span style=\"color: #333399;\">Client Bonuss\u00e9,<\/span><\/p>\n<p style=\"padding-left: 60px;\"><span style=\"color: #333399;\">De 1 \u00e0 0.50 de Bonus<\/span><\/p>\n<p style=\"padding-left: 30px;\"><span style=\"color: #333399;\">o\u00a0\u00a0\u00a0 Client Maluss\u00e9,<\/span><\/p>\n<p style=\"padding-left: 60px;\"><span style=\"color: #333399;\">Malus jusqu\u2019\u00e0 3.50<\/span><\/p>\n<p style=\"padding-left: 30px;\"><span style=\"color: #333399;\">o\u00a0\u00a0\u00a0 Jeune Conducteur,<\/span><\/p>\n<p style=\"padding-left: 60px;\"><span style=\"color: #333399;\">Etablissement d&rsquo;un contrat au nom du conducteur novice, avec possibilit\u00e9 de reconstituer un bonus \u00e0 celui-ci, si il a \u00e9t\u00e9 d\u00e9sign\u00e9 conducteur sur le contrat d&rsquo;assurance de ses parents par le pass\u00e9 &#8230;<\/span><\/p>\n<p style=\"padding-left: 30px;\"><span style=\"color: #333399;\">o\u00a0\u00a0\u00a0 Situation aggrav\u00e9e,<\/span><\/p>\n<p style=\"padding-left: 60px;\"><span style=\"color: #333399;\">Faits aggravants accept\u00e9s\u00a0: annulation de permis, r\u00e9siliation pour non-paiement, d\u00e9lit de fuite, alcool\u00e9mie &#8230;<\/span><\/p>\n<p style=\"padding-left: 30px;\"><span style=\"color: #333399;\">o\u00a0\u00a0\u00a0 Conducteurs sans ant\u00e9c\u00e9dents,<\/span><\/p>\n<p style=\"padding-left: 60px;\"><span style=\"color: #333399;\">Conducteur sans assurance depuis plusieurs ann\u00e9es.<\/span><\/p>\n<p><span style=\"color: #000080;\"><em><strong>Type d\u2019Assurance\u00a0:<\/strong><\/em><\/span><\/p>\n<p style=\"padding-left: 30px;\">o\u00a0\u00a0\u00a0 <span style=\"color: #333399;\">Classique<\/span><\/p>\n<p style=\"padding-left: 30px;\"><span style=\"color: #333399;\">o\u00a0\u00a0\u00a0 Temporaire\u00a0: cas les plus fr\u00e9quents :<\/span><\/p>\n<p style=\"padding-left: 90px;\"><span style=\"color: #333399;\">-V\u00e9hicule en transit,<\/span><\/p>\n<p style=\"padding-left: 90px;\"><span style=\"color: #333399;\">-V\u00e9hicule destin\u00e9 \u00e0 l\u2019exportation,<\/span><\/p>\n<p style=\"padding-left: 90px;\"><span style=\"color: #333399;\">-V\u00e9hicule immobilis\u00e9 par la police, en fourri\u00e8re.<\/span><\/p>\n<p>&nbsp;<\/p>\n<p><span style=\"color: #000080;\"><strong><em>V\u00e9hicules 2 Roues et autres\u00a0:<\/em><\/strong><\/span><\/p>\n<p style=\"padding-left: 30px;\">o\u00a0\u00a0\u00a0 <span style=\"color: #333399;\">Moto,<\/span><\/p>\n<p style=\"padding-left: 30px;\"><span style=\"color: #333399;\">o\u00a0\u00a0\u00a0 Scooter,<\/span><\/p>\n<p style=\"padding-left: 30px;\"><span style=\"color: #333399;\">o\u00a0\u00a0\u00a0 Quad,<\/span><\/p>\n<p>&nbsp;<\/p>\n<p><span style=\"color: #000080;\"><strong><em>Bateaux\u00a0:<\/em><\/strong><\/span><\/p>\n<p style=\"padding-left: 30px;\">o\u00a0\u00a0\u00a0 <span style=\"color: #333399;\">Bateau de plaisance \u00e0 moteur ou non<\/span><\/p>\n<p style=\"padding-left: 30px;\"><span style=\"color: #333399;\">o\u00a0\u00a0\u00a0 Jet-ski<\/span><\/p>\n<p>&nbsp;<\/p>\n<p>&nbsp;<\/p>\n<p>&nbsp;<\/p>\n<h4><span style=\"color: #000080;\"><strong><em>Multirisque Habitation\u00a0:<\/em><\/strong><\/span><\/h4>\n<p><em><span style=\"color: #000080;\"><strong>Type de Biens\u00a0:<\/strong><\/span><\/em><\/p>\n<p style=\"padding-left: 30px;\">o\u00a0\u00a0\u00a0 <span style=\"color: #333399;\">Classique avec des garanties de haut niveau et adaptables,<\/span><\/p>\n<p style=\"padding-left: 30px;\"><span style=\"color: #333399;\">o\u00a0\u00a0\u00a0 Haut de Gamme, avec des garanties hors normes,<\/span><\/p>\n<p><em><span style=\"color: #000080;\"><strong>Type d\u2019occupation\u00a0:<\/strong><\/span><\/em><\/p>\n<p style=\"padding-left: 30px;\">o\u00a0\u00a0\u00a0 <span style=\"color: #333399;\">R\u00e9sidence Principale,<\/span><\/p>\n<p style=\"padding-left: 30px;\"><span style=\"color: #333399;\">o\u00a0\u00a0\u00a0 R\u00e9sidence Secondaire, y compris Mobil Home,<\/span><\/p>\n<p style=\"padding-left: 30px;\"><span style=\"color: #333399;\">o\u00a0\u00a0\u00a0 Bien donn\u00e9 en location.<\/span><\/p>\n<p>&nbsp;<\/p>\n<h4><span style=\"color: #000080;\"><strong><em>Multirisque Immeuble\u00a0:<\/em><\/strong><\/span><\/h4>\n<p><em><strong><span style=\"color: #000080;\">Type d\u2019immeubles\u00a0:<\/span> <\/strong><\/em><\/p>\n<p style=\"padding-left: 30px;\">o\u00a0\u00a0\u00a0 <span style=\"color: #333399;\">D&rsquo;habitation, bureaux, commerces, mixtes,<\/span><\/p>\n<p style=\"padding-left: 30px;\"><span style=\"color: #333399;\">o\u00a0\u00a0\u00a0 Immeubles Inoccup\u00e9s,<\/span><\/p>\n<p style=\"padding-left: 30px;\"><span style=\"color: #333399;\">o\u00a0\u00a0\u00a0 Copropri\u00e9taire Bailleur Non Occupant<\/span><\/p>\n<p style=\"padding-left: 30px;\"><span style=\"color: #333399;\">\u00a0\u00a0\u00a0\u00a0\u00a0\u00a0\u00a0\u00a0\u00a0\u00a0\u00a0\u00a0\u00a0\u00a0\u00a0 Garantie sp\u00e9cifique Loi Allur 2014<\/span><\/p>\n<p>&nbsp;<\/p>\n<p>&nbsp;<\/p>\n<h4><span style=\"color: #000080;\"><em><strong>Garanties Sp\u00e9cifiques\u00a0:<\/strong><\/em><\/span><\/h4>\n<p><span style=\"color: #000080;\"><em><strong>Loyers impay\u00e9s\u00a0:<\/strong><\/em><\/span><\/p>\n<p style=\"padding-left: 30px;\"><span style=\"color: #333399;\">Prise en charge des loyers impay\u00e9s, des d\u00e9gradations immobili\u00e8res imputables au locataire \u00e0 sa sortie, <\/span><span style=\"color: #333399;\">des frais de contentieux (proc\u00e9dure de<\/span><\/p>\n<p style=\"padding-left: 30px;\"><span style=\"color: #333399;\"> recouvrement ou d\u2019expulsion), \u2026<\/span><\/p>\n<p><em><span style=\"color: #000080;\"><strong>Arts et pr\u00e9cieux\u00a0:<\/strong><\/span><\/em><\/p>\n<p style=\"padding-left: 30px;\"><span style=\"color: #333399;\">Couverture des collections priv\u00e9es<\/span><\/p>\n<p>&nbsp;<\/p>\n<table style=\"height: 32px;\" width=\"1052\">\n<tbody>\n<tr>\n<td width=\"623\">\n<h4><span style=\"color: #000080;\"><em><strong>RESPONSABILITE CIVILE<\/strong><\/em><\/span><\/h4>\n<\/td>\n<\/tr>\n<\/tbody>\n<\/table>\n<p>&nbsp;<\/p>\n<p><span style=\"color: #000080;\"><strong><em>Responsabilit\u00e9 civile Chasse\u00a0:<\/em><\/strong><\/span><\/p>\n<p style=\"padding-left: 30px;\"><span style=\"color: #333399;\">Contrat garantissant les cons\u00e9quences p\u00e9cuniaires de votre responsabilit\u00e9 civile lors d\u2019actes de chasse : intoxication alimentaire, accident de <\/span><\/p>\n<p style=\"padding-left: 30px;\"><span style=\"color: #333399;\">chasse,&#8230;<\/span><\/p>\n<p><span style=\"color: #000080;\"><em><strong>Assurance Scolaire et\/ou Extrascolaire\u00a0:<\/strong><\/em><\/span><\/p>\n<p style=\"padding-left: 30px;\"><span style=\"color: #333399;\">Contrat prot\u00e9geant votre enfant de la maternelle\u00a0\u00e0 l\u2019Universit\u00e9, dans le cadre d\u2019activit\u00e9s scolaires (lors du trajet domicile-\u00e9cole, dans l\u2019enceinte<\/span><\/p>\n<p style=\"padding-left: 60px;\"><span style=\"color: #333399;\"> de l\u2019\u00e9cole, lors des sorties, \u2026), et ce dans plusieurs cas\u00a0:<\/span><\/p>\n<p style=\"padding-left: 60px;\"><span style=\"color: #333399;\">-Votre enfant subit un dommage corporel,<\/span><\/p>\n<p style=\"padding-left: 60px;\"><span style=\"color: #333399;\">-Votre enfant cause un dommage \u00e0 autrui (corporel ou non),<\/span><\/p>\n<p style=\"padding-left: 60px;\"><span style=\"color: #333399;\">-Votre enfant subit une agression, ou un racket, &#8230;<\/span><\/p>\n<p><span style=\"color: #000080;\"><em><strong>Protection Juridique\u00a0:<\/strong><\/em><\/span><\/p>\n<p style=\"padding-left: 30px;\"><span style=\"color: #333399;\">Votre entreprise intervient dans un monde en perp\u00e9tuelle \u00e9volution o\u00f9 les sources de conflits d\u2019int\u00e9r\u00eats se multiplient (conflit avec son garagiste, son propri\u00e9taire, son banquier, son voisin, \u2026). <\/span><\/p>\n<p style=\"padding-left: 30px;\"><span style=\"color: #333399;\">La Protection juridique intervient dans le cadre d\u2019actions men\u00e9es \u00e0 votre encontre, comme celles men\u00e9es de votre propre initiative, en prenant en charge les frais de proc\u00e9dures amiables comme juridiques<\/span><\/p>\n<p style=\"padding-left: 30px;\"><span style=\"margin: 0px; line-height: 115%; font-family: 'Georgia',serif; font-size: 12pt;\">\u00a0<\/span><\/p>\n<p><span style=\"margin: 0px; line-height: 115%; font-family: 'Georgia',serif; font-size: 12pt;\"><span style=\"color: #000000;\">\u00a0<\/span><\/span><\/p>\n<table style=\"height: 65px;\" width=\"1052\">\n<tbody>\n<tr>\n<td width=\"604\">\n<h4><em><strong><span style=\"color: #000080;\">ASSURANCES DE PERSONNES<\/span><\/strong><\/em><\/h4>\n<\/td>\n<\/tr>\n<\/tbody>\n<\/table>\n<p>&nbsp;<\/p>\n<p><em><strong><span style=\"color: #000080;\">Garantie des Accidents de la vie\u00a0:<\/span><\/strong><\/em><\/p>\n<p style=\"padding-left: 30px;\"><span style=\"color: #333399;\">Parce que la vie nous r\u00e9serve parfois des surprises, ce contrat permet de faire face aux \u00a0 cons\u00e9quences\u00a0mat\u00e9rielles et financi\u00e8res d\u2019un dommage<\/span><\/p>\n<p style=\"padding-left: 30px;\"><span style=\"color: #333399;\"> corporel survenu dans le cadre personnel (chute d\u2019une \u00e9chelle, blessure par outils de jardinage, \u2026 )<\/span><\/p>\n<p>&nbsp;<\/p>\n<p><em><strong><span style=\"color: #000080;\">Sant\u00e9\u00a0:<\/span><\/strong><\/em><\/p>\n<p style=\"padding-left: 30px;\">L<span style=\"color: #333399;\">es frais de soins de sant\u00e9 n\u2019ont jamais \u00e9t\u00e9 aussi pr\u00e9pond\u00e9rants dans le budget des m\u00e9nages. Etre couvert efficacement est essentiel en <\/span><span style=\"color: #333399;\">c<\/span><span style=\"color: #333399;\">hoisissant<\/span><\/p>\n<p style=\"padding-left: 30px;\"><span style=\"color: #333399;\"> un contrat vous permettant le libre choix des prestations importantes<\/span><\/p>\n<p><strong><em><span style=\"color: #000080;\">Pr\u00e9voyance\u00a0:<\/span><\/em><\/strong><\/p>\n<p style=\"padding-left: 30px;\"><span style=\"color: #333399;\">La protection du niveau de vie de son conjoint, de ses enfants, suite \u00e0 une invalidit\u00e9 ou \u00e0 un d\u00e9c\u00e8s.<\/span><\/p>\n<p>&nbsp;<\/p>\n<table style=\"height: 96px;\" width=\"1052\">\n<tbody>\n<tr>\n<td width=\"604\">\n<h4><em><strong><span style=\"color: #000080;\">ASSURANCES DES ANIMAUX<\/span><\/strong><\/em><\/h4>\n<\/td>\n<\/tr>\n<\/tbody>\n<\/table>\n<p>&nbsp;<\/p>\n<p><em><strong><span style=\"color: #000080;\">Les chiens et les chats\u00a0:<\/span><\/strong><\/em><\/p>\n<p style=\"padding-left: 30px;\"><span style=\"color: #333399;\">Parce que le meilleur ami de l\u2019homme peut se r\u00e9v\u00e9ler un gouffre financier en d\u00e9penses \u00a0 de sant\u00e9<\/span><\/p>\n<p>&nbsp;<\/p>\n<p>&nbsp;<\/p>\n","protected":false},"excerpt":{"rendered":"<p>AJ Courtage vous permet de trouver des solutions personnalis\u00e9es \u00e0 l\u2019ensemble de vos besoins quotidiens en Assurances\u00a0: &nbsp; NOUVEAUTES Cyber protection\u00a0: o\u00a0\u00a0\u00a0 [&hellip;]<\/p>\n","protected":false},"author":1,"featured_media":0,"parent":0,"menu_order":0,"comment_status":"closed","ping_status":"closed","template":"","meta":[],"_links":{"self":[{"href":"http:\/\/aj-courtage.com\/index.php\/wp-json\/wp\/v2\/pages\/246"}],"collection":[{"href":"http:\/\/aj-courtage.com\/index.php\/wp-json\/wp\/v2\/pages"}],"about":[{"href":"http:\/\/aj-courtage.com\/index.php\/wp-json\/wp\/v2\/types\/page"}],"author":[{"embeddable":true,"href":"http:\/\/aj-courtage.com\/index.php\/wp-json\/wp\/v2\/users\/1"}],"replies":[{"embeddable":true,"href":"http:\/\/aj-courtage.com\/index.php\/wp-json\/wp\/v2\/comments?post=246"}],"version-history":[{"count":29,"href":"http:\/\/aj-courtage.com\/index.php\/wp-json\/wp\/v2\/pages\/246\/revisions"}],"predecessor-version":[{"id":323,"href":"http:\/\/aj-courtage.com\/index.php\/wp-json\/wp\/v2\/pages\/246\/revisions\/323"}],"wp:attachment":[{"href":"http:\/\/aj-courtage.com\/index.php\/wp-json\/wp\/v2\/media?parent=246"}],"curies":[{"name":"wp","href":"https:\/\/api.w.org\/{rel}","templated":true}]}}